{"id":13,"date":"2019-06-19T10:46:09","date_gmt":"2019-06-19T10:46:09","guid":{"rendered":"https:\/\/themes.muffingroup.com\/be\/photography2\/?page_id=13"},"modified":"2021-04-07T18:33:32","modified_gmt":"2021-04-07T15:33:32","slug":"hizmetlerimiz","status":"publish","type":"page","link":"http:\/\/www.ozgulbilgisayar.com\/index.php\/hizmetlerimiz\/","title":{"rendered":"H\u0130ZMETLER\u0130M\u0130Z"},"content":{"rendered":"","protected":false},"excerpt":{"rendered":"","protected":false},"author":1,"featured_media":0,"parent":0,"menu_order":0,"comment_status":"closed","ping_status":"closed","template":"","meta":[],"_links":{"self":[{"href":"http:\/\/www.ozgulbilgisayar.com\/index.php\/wp-json\/wp\/v2\/pages\/13"}],"collection":[{"href":"http:\/\/www.ozgulbilgisayar.com\/index.php\/wp-json\/wp\/v2\/pages"}],"about":[{"href":"http:\/\/www.ozgulbilgisayar.com\/index.php\/wp-json\/wp\/v2\/types\/page"}],"author":[{"embeddable":true,"href":"http:\/\/www.ozgulbilgisayar.com\/index.php\/wp-json\/wp\/v2\/users\/1"}],"replies":[{"embeddable":true,"href":"http:\/\/www.ozgulbilgisayar.com\/index.php\/wp-json\/wp\/v2\/comments?post=13"}],"version-history":[{"count":3,"href":"http:\/\/www.ozgulbilgisayar.com\/index.php\/wp-json\/wp\/v2\/pages\/13\/revisions"}],"predecessor-version":[{"id":722,"href":"http:\/\/www.ozgulbilgisayar.com\/index.php\/wp-json\/wp\/v2\/pages\/13\/revisions\/722"}],"wp:attachment":[{"href":"http:\/\/www.ozgulbilgisayar.com\/index.php\/wp-json\/wp\/v2\/media?parent=13"}],"curies":[{"name":"wp","href":"https:\/\/api.w.org\/{rel}","templated":true}]}}